{"id":21,"date":"2024-03-11T18:19:45","date_gmt":"2024-03-11T23:19:45","guid":{"rendered":"https:\/\/jac-alcala-envigado.com\/?page_id=21"},"modified":"2024-04-23T10:58:31","modified_gmt":"2024-04-23T15:58:31","slug":"noticias-jac","status":"publish","type":"page","link":"https:\/\/jac-alcala-envigado.com\/","title":{"rendered":"Noticias JAC"},"content":{"rendered":"\n<div class=\"wp-block-query has-global-padding is-layout-constrained wp-block-query-is-layout-constrained\">\n\n\n<div class=\"wp-block-group is-layout-flow wp-block-group-is-layout-flow\" style=\"margin-top:0;margin-bottom:0;padding-top:var(--wp--preset--spacing--50);padding-right:0;padding-bottom:var(--wp--preset--spacing--50);padding-left:0\"><ul class=\"alignfull wp-block-post-template is-layout-flow wp-container-core-post-template-layout-1 wp-block-post-template-is-layout-flow\"><li class=\"wp-block-post post-261 post type-post status-publish format-standard hentry category-blog\">\n\n\n\n<div class=\"wp-block-group is-vertical is-nowrap is-layout-flex wp-container-core-group-layout-3 wp-block-group-is-layout-flex\"><h2 style=\"margin-bottom:0;\" class=\"wp-block-post-title has-x-large-font-size\"><a href=\"https:\/\/jac-alcala-envigado.com\/index.php\/2025\/03\/24\/afiliadoas-de-la-junta-de-accion-comunal-barrio-alcala-reciban-un-cordial-saludo\/\" target=\"_self\" >AFILIADO(A)S DE LA JUNTA DE ACCI\u00d3N COMUNAL BARRIO ALCAL\u00c1, RECIBAN UN CORDIAL SALUDO<\/a><\/h2>\n\n<div class=\"wp-block-template-part\">\n\n<div class=\"wp-block-group has-global-padding is-layout-constrained wp-block-group-is-layout-constrained\">\n\t\n\t<div class=\"wp-block-group is-content-justification-left is-layout-flex wp-container-core-group-layout-1 wp-block-group-is-layout-flex\">\n\t\t<div class=\"wp-block-post-date\"><time datetime=\"2025-03-24T11:44:43-05:00\"><a href=\"https:\/\/jac-alcala-envigado.com\/index.php\/2025\/03\/24\/afiliadoas-de-la-junta-de-accion-comunal-barrio-alcala-reciban-un-cordial-saludo\/\">Mar 24, 2025<\/a><\/time><\/div>\n\n\t\t\n\t\t<p class=\"has-contrast-2-color has-text-color\">\u2014<\/p>\n\t\t\n\n\t\t\n\t\t<p class=\"has-small-font-size has-contrast-2-color has-text-color\">por<\/p>\n\t\t\n\n\t\t<div class=\"wp-block-post-author-name\"><a href=\"https:\/\/jac-alcala-envigado.com\/index.php\/author\/jac-alcala-envigado-com\/\" target=\"_self\" class=\"wp-block-post-author-name__link\">jac-alcala-envigado.com<\/a><\/div>\n\n\t\t<div class=\"taxonomy-category wp-block-post-terms\"><span class=\"wp-block-post-terms__prefix\">en <\/span><a href=\"https:\/\/jac-alcala-envigado.com\/index.php\/category\/blog\/\" rel=\"tag\">Blog<\/a><\/div>\n\n\t<\/div>\n\t\n<\/div>\n\n\n<\/div>\n\n<div class=\"wp-block-post-excerpt has-small-font-size\"><p class=\"wp-block-post-excerpt__excerpt\">Dando cumplimiento a las normas estatutarias y legales, en marzo 16 de 2025, realizamos la primera Asamblea ordinaria de afiliados 2025 de la Junta de Acci\u00f3n Comunal Barrio Alcal\u00e1, donde se cumplieron todos los protocolos establecidos en la norma Comunal. Actu\u00f3 como Presidenta de Asamblea, la Se\u00f1orita Keyla Y. Ram\u00edrez P. y como Secretario, el&hellip; <\/p><\/div>\n\n\n<div style=\"height:0px\" aria-hidden=\"true\" class=\"wp-block-spacer wp-container-content-1\"><\/div>\n<\/div>\n\n<\/li><li class=\"wp-block-post post-244 post type-post status-publish format-standard hentry category-blog\">\n\n\n\n<div class=\"wp-block-group is-vertical is-nowrap is-layout-flex wp-container-core-group-layout-6 wp-block-group-is-layout-flex\"><h2 style=\"margin-bottom:0;\" class=\"wp-block-post-title has-x-large-font-size\"><a href=\"https:\/\/jac-alcala-envigado.com\/index.php\/2024\/07\/15\/cumplimiento-de-sus-afiliados-a-la-asamblea\/\" target=\"_self\" >En cumplimiento de nuestro deber comunal<\/a><\/h2>\n\n<div class=\"wp-block-template-part\">\n\n<div class=\"wp-block-group has-global-padding is-layout-constrained wp-block-group-is-layout-constrained\">\n\t\n\t<div class=\"wp-block-group is-content-justification-left is-layout-flex wp-container-core-group-layout-4 wp-block-group-is-layout-flex\">\n\t\t<div class=\"wp-block-post-date\"><time datetime=\"2024-07-15T16:54:21-05:00\"><a href=\"https:\/\/jac-alcala-envigado.com\/index.php\/2024\/07\/15\/cumplimiento-de-sus-afiliados-a-la-asamblea\/\">Jul 15, 2024<\/a><\/time><\/div>\n\n\t\t\n\t\t<p class=\"has-contrast-2-color has-text-color\">\u2014<\/p>\n\t\t\n\n\t\t\n\t\t<p class=\"has-small-font-size has-contrast-2-color has-text-color\">por<\/p>\n\t\t\n\n\t\t<div class=\"wp-block-post-author-name\"><a href=\"https:\/\/jac-alcala-envigado.com\/index.php\/author\/jac-alcala-envigado-com\/\" target=\"_self\" class=\"wp-block-post-author-name__link\">jac-alcala-envigado.com<\/a><\/div>\n\n\t\t<div class=\"taxonomy-category wp-block-post-terms\"><span class=\"wp-block-post-terms__prefix\">en <\/span><a href=\"https:\/\/jac-alcala-envigado.com\/index.php\/category\/blog\/\" rel=\"tag\">Blog<\/a><\/div>\n\n\t<\/div>\n\t\n<\/div>\n\n\n<\/div>\n\n<div class=\"wp-block-post-excerpt has-small-font-size\"><p class=\"wp-block-post-excerpt__excerpt\">Gracias a los afiliados que nos acompa\u00f1aron el d\u00eda 14 de julio de 2024 al cumplimiento de nuestro deber Comunal.Logramos dar aprobaci\u00f3n a los ajustes de Ley 2166\/21 y su Decreto Reglamentario 1501\/23 y algunos ajustes necesarios.Gracias tambi\u00e9n a los que expresaron sus excusas por trabajo, enfermedad o compromisos familiares; sabemos que en otras ocasiones&hellip; <\/p><\/div>\n\n\n<div style=\"height:0px\" aria-hidden=\"true\" class=\"wp-block-spacer wp-container-content-2\"><\/div>\n<\/div>\n\n<\/li><li class=\"wp-block-post post-238 post type-post status-publish format-standard hentry category-blog\">\n\n\n\n<div class=\"wp-block-group is-vertical is-nowrap is-layout-flex wp-container-core-group-layout-9 wp-block-group-is-layout-flex\"><h2 style=\"margin-bottom:0;\" class=\"wp-block-post-title has-x-large-font-size\"><a href=\"https:\/\/jac-alcala-envigado.com\/index.php\/2024\/07\/12\/apreciados-afiliados-de-la-jac-barrio-alcala-y-comunidad-en-general\/\" target=\"_self\" >Apreciados afiliados de la JAC Barrio Alcal\u00e1 y Comunidad en general.<\/a><\/h2>\n\n<div class=\"wp-block-template-part\">\n\n<div class=\"wp-block-group has-global-padding is-layout-constrained wp-block-group-is-layout-constrained\">\n\t\n\t<div class=\"wp-block-group is-content-justification-left is-layout-flex wp-container-core-group-layout-7 wp-block-group-is-layout-flex\">\n\t\t<div class=\"wp-block-post-date\"><time datetime=\"2024-07-12T12:20:23-05:00\"><a href=\"https:\/\/jac-alcala-envigado.com\/index.php\/2024\/07\/12\/apreciados-afiliados-de-la-jac-barrio-alcala-y-comunidad-en-general\/\">Jul 12, 2024<\/a><\/time><\/div>\n\n\t\t\n\t\t<p class=\"has-contrast-2-color has-text-color\">\u2014<\/p>\n\t\t\n\n\t\t\n\t\t<p class=\"has-small-font-size has-contrast-2-color has-text-color\">por<\/p>\n\t\t\n\n\t\t<div class=\"wp-block-post-author-name\"><a href=\"https:\/\/jac-alcala-envigado.com\/index.php\/author\/jac-alcala-envigado-com\/\" target=\"_self\" class=\"wp-block-post-author-name__link\">jac-alcala-envigado.com<\/a><\/div>\n\n\t\t<div class=\"taxonomy-category wp-block-post-terms\"><span class=\"wp-block-post-terms__prefix\">en <\/span><a href=\"https:\/\/jac-alcala-envigado.com\/index.php\/category\/blog\/\" rel=\"tag\">Blog<\/a><\/div>\n\n\t<\/div>\n\t\n<\/div>\n\n\n<\/div>\n\n<div class=\"wp-block-post-excerpt has-small-font-size\"><p class=\"wp-block-post-excerpt__excerpt\">El pasado 6 de julio, la Junta de Acci\u00f3n Comunal del Barrio Alcal\u00e1, en cabeza de la Junta Directiva y La Comisi\u00f3n Empresarial, se realizo la II Feria Empresarial Comunal, cuyo objetivo es impulsar el crecimiento y desarrollo de las peque\u00f1as y microempresas de nuestra zona.\u00bfQu\u00e9 es la Feria Empresarial Comunal?La Feria Empresarial Comunal, es&hellip; <\/p><\/div>\n\n\n<div style=\"height:0px\" aria-hidden=\"true\" class=\"wp-block-spacer wp-container-content-3\"><\/div>\n<\/div>\n\n<\/li><\/ul>\n\n<nav class=\"wp-block-query-pagination is-content-justification-space-between is-layout-flex wp-container-core-query-pagination-layout-1 wp-block-query-pagination-is-layout-flex\" aria-label=\"Paginaci\u00f3n\">\n\n\n<a href=\"\/index.php\/wp-json\/wp\/v2\/pages\/21?query-17-page=2\" class=\"wp-block-query-pagination-next\">P\u00e1gina siguiente<span class='wp-block-query-pagination-next-arrow is-arrow-arrow' aria-hidden='true'>\u2192<\/span><\/a>\n<\/nav><\/div>\n<\/div>\n","protected":false},"excerpt":{"rendered":"","protected":false},"author":1,"featured_media":0,"parent":0,"menu_order":0,"comment_status":"closed","ping_status":"closed","template":"","meta":{"om_disable_all_campaigns":false,"_monsterinsights_skip_tracking":false,"_monsterinsights_sitenote_active":false,"_monsterinsights_sitenote_note":"","_monsterinsights_sitenote_category":0,"footnotes":""},"aioseo_notices":[],"_links":{"self":[{"href":"https:\/\/jac-alcala-envigado.com\/index.php\/wp-json\/wp\/v2\/pages\/21"}],"collection":[{"href":"https:\/\/jac-alcala-envigado.com\/index.php\/wp-json\/wp\/v2\/pages"}],"about":[{"href":"https:\/\/jac-alcala-envigado.com\/index.php\/wp-json\/wp\/v2\/types\/page"}],"author":[{"embeddable":true,"href":"https:\/\/jac-alcala-envigado.com\/index.php\/wp-json\/wp\/v2\/users\/1"}],"replies":[{"embeddable":true,"href":"https:\/\/jac-alcala-envigado.com\/index.php\/wp-json\/wp\/v2\/comments?post=21"}],"version-history":[{"count":6,"href":"https:\/\/jac-alcala-envigado.com\/index.php\/wp-json\/wp\/v2\/pages\/21\/revisions"}],"predecessor-version":[{"id":156,"href":"https:\/\/jac-alcala-envigado.com\/index.php\/wp-json\/wp\/v2\/pages\/21\/revisions\/156"}],"wp:attachment":[{"href":"https:\/\/jac-alcala-envigado.com\/index.php\/wp-json\/wp\/v2\/media?parent=21"}],"curies":[{"name":"wp","href":"https:\/\/api.w.org\/{rel}","templated":true}]}}