{"id":25,"date":"2024-03-11T18:25:43","date_gmt":"2024-03-11T23:25:43","guid":{"rendered":"https:\/\/jac-alcala-envigado.com\/?page_id=25"},"modified":"2024-03-23T09:27:13","modified_gmt":"2024-03-23T14:27:13","slug":"quienes-somos","status":"publish","type":"page","link":"https:\/\/jac-alcala-envigado.com\/index.php\/quienes-somos\/","title":{"rendered":"Quienes somos"},"content":{"rendered":"\n<p> La \u201c<strong>Junta de Acci\u00f3n Comunal barrio Alcal\u00e1<\/strong>\u201d de Envigado, es una organizaci\u00f3n, c\u00edvica, social y comunitaria de gesti\u00f3n social, sin \u00e1nimo de lucro, de naturaleza solidaria, con personer\u00eda jur\u00eddica <strong># 2255 del 3 de julio de 2007 y patrimonio propio<\/strong>, integrada voluntariamente por los residentes del barrio Alcal\u00e1 de Envigado, que a\u00fanan esfuerzos y recursos para procurar un desarrollo integral, sostenible y sustentable con fundamento en el ejercicio de la democracia participativa.<\/p>\n","protected":false},"excerpt":{"rendered":"<p>La \u201cJunta de Acci\u00f3n Comunal barrio Alcal\u00e1\u201d de Envigado, es una organizaci\u00f3n, c\u00edvica, social y comunitaria de gesti\u00f3n social, sin \u00e1nimo de lucro, de naturaleza solidaria, con personer\u00eda jur\u00eddica # 2255 del 3 de julio de 2007 y patrimonio propio, integrada voluntariamente por los residentes del barrio Alcal\u00e1 de Envigado, que a\u00fanan esfuerzos y recursos [&hellip;]<\/p>\n","protected":false},"author":1,"featured_media":0,"parent":0,"menu_order":0,"comment_status":"closed","ping_status":"closed","template":"","meta":{"om_disable_all_campaigns":false,"_monsterinsights_skip_tracking":false,"_monsterinsights_sitenote_active":false,"_monsterinsights_sitenote_note":"","_monsterinsights_sitenote_category":0,"footnotes":""},"aioseo_notices":[],"_links":{"self":[{"href":"https:\/\/jac-alcala-envigado.com\/index.php\/wp-json\/wp\/v2\/pages\/25"}],"collection":[{"href":"https:\/\/jac-alcala-envigado.com\/index.php\/wp-json\/wp\/v2\/pages"}],"about":[{"href":"https:\/\/jac-alcala-envigado.com\/index.php\/wp-json\/wp\/v2\/types\/page"}],"author":[{"embeddable":true,"href":"https:\/\/jac-alcala-envigado.com\/index.php\/wp-json\/wp\/v2\/users\/1"}],"replies":[{"embeddable":true,"href":"https:\/\/jac-alcala-envigado.com\/index.php\/wp-json\/wp\/v2\/comments?post=25"}],"version-history":[{"count":5,"href":"https:\/\/jac-alcala-envigado.com\/index.php\/wp-json\/wp\/v2\/pages\/25\/revisions"}],"predecessor-version":[{"id":114,"href":"https:\/\/jac-alcala-envigado.com\/index.php\/wp-json\/wp\/v2\/pages\/25\/revisions\/114"}],"wp:attachment":[{"href":"https:\/\/jac-alcala-envigado.com\/index.php\/wp-json\/wp\/v2\/media?parent=25"}],"curies":[{"name":"wp","href":"https:\/\/api.w.org\/{rel}","templated":true}]}}