{"id":41,"date":"2024-03-11T18:32:28","date_gmt":"2024-03-11T23:32:28","guid":{"rendered":"https:\/\/jac-alcala-envigado.com\/?page_id=41"},"modified":"2024-09-05T18:09:59","modified_gmt":"2024-09-05T23:09:59","slug":"estatutos","status":"publish","type":"page","link":"https:\/\/jac-alcala-envigado.com\/index.php\/quienes-somos\/estatutos\/","title":{"rendered":"Estatutos"},"content":{"rendered":"\n<p> <\/p>\n\n\n\n<p class=\"has-large-font-size\">ESTATUTOS JAC BARRIO ALCALA<\/p>\n\n\n\n<p>\u00abDe conformidad con la Resoluci\u00f3n Nro.20240011061 de Agosto 9 de 2024 del Departamento Administrativo de Planeaci\u00f3n, registro\u00a0 la actualizaci\u00f3n de los estatutos de la JAC ALCAL\u00c1, los cuales fueron ajustados a la Ley 2166, su Decreto Reglamentario 1501\/23\u00a0 y otros ajustes necesarios y que fueron aprobados en Asamblea de afiliados de la JAC Alcal\u00e1 el d\u00eda 14 de julio de 2024, dando cumplimiento a la Ley antes mencionada.\u00a0<\/p>\n\n\n\n<p>Para &nbsp;la JAC Alcal\u00e1,&nbsp; es de gran importancia, haber dado cumplimiento a las normas vigentes.&nbsp;<\/p>\n\n\n\n<p>Igualmente informamos que tambi\u00e9n en d\u00edas pasados actualizamos el RUC \u00bb Registro \u00danico Comunal\u00bb ante el Ministerio del Interior.<\/p>\n\n\n\n<p>No sobra mencionar que la JAC Alcal\u00e1 mantiene todos los procesos legales y estatutarios al d\u00eda, lo cual nos permitir\u00e1 con la ayuda de todos continuar ejerciendo nuestra labor Comunal. \u00ab<\/p>\n\n\n\n<p>MESA DIRECTIVA<\/p>\n\n\n\n<div class=\"wp-block-buttons is-content-justification-center is-layout-flex wp-container-core-buttons-layout-1 wp-block-buttons-is-layout-flex\">\n<div class=\"wp-block-button\"><a class=\"wp-block-button__link wp-element-button\" href=\"http:\/\/jac-alcala-envigado.com\/wp-content\/uploads\/2024\/09\/ESTATUTOS-JAC-BARRIO-ALCALA-Aprobados-en-Asamlea-julio-14-2024-y-Registraods-por-Planeacion-1.pdf\">Abrir los estatutos<\/a><\/div>\n<\/div>\n","protected":false},"excerpt":{"rendered":"<p>ESTATUTOS JAC BARRIO ALCALA \u00abDe conformidad con la Resoluci\u00f3n Nro.20240011061 de Agosto 9 de 2024 del Departamento Administrativo de Planeaci\u00f3n, registro\u00a0 la actualizaci\u00f3n de los estatutos de la JAC ALCAL\u00c1, los cuales fueron ajustados a la Ley 2166, su Decreto Reglamentario 1501\/23\u00a0 y otros ajustes necesarios y que fueron aprobados en Asamblea de afiliados de [&hellip;]<\/p>\n","protected":false},"author":1,"featured_media":0,"parent":25,"menu_order":0,"comment_status":"closed","ping_status":"closed","template":"","meta":{"om_disable_all_campaigns":false,"_monsterinsights_skip_tracking":false,"_monsterinsights_sitenote_active":false,"_monsterinsights_sitenote_note":"","_monsterinsights_sitenote_category":0,"footnotes":""},"aioseo_notices":[],"_links":{"self":[{"href":"https:\/\/jac-alcala-envigado.com\/index.php\/wp-json\/wp\/v2\/pages\/41"}],"collection":[{"href":"https:\/\/jac-alcala-envigado.com\/index.php\/wp-json\/wp\/v2\/pages"}],"about":[{"href":"https:\/\/jac-alcala-envigado.com\/index.php\/wp-json\/wp\/v2\/types\/page"}],"author":[{"embeddable":true,"href":"https:\/\/jac-alcala-envigado.com\/index.php\/wp-json\/wp\/v2\/users\/1"}],"replies":[{"embeddable":true,"href":"https:\/\/jac-alcala-envigado.com\/index.php\/wp-json\/wp\/v2\/comments?post=41"}],"version-history":[{"count":8,"href":"https:\/\/jac-alcala-envigado.com\/index.php\/wp-json\/wp\/v2\/pages\/41\/revisions"}],"predecessor-version":[{"id":259,"href":"https:\/\/jac-alcala-envigado.com\/index.php\/wp-json\/wp\/v2\/pages\/41\/revisions\/259"}],"up":[{"embeddable":true,"href":"https:\/\/jac-alcala-envigado.com\/index.php\/wp-json\/wp\/v2\/pages\/25"}],"wp:attachment":[{"href":"https:\/\/jac-alcala-envigado.com\/index.php\/wp-json\/wp\/v2\/media?parent=41"}],"curies":[{"name":"wp","href":"https:\/\/api.w.org\/{rel}","templated":true}]}}